{"id":348,"date":"2013-01-30T18:09:11","date_gmt":"2013-01-30T17:09:11","guid":{"rendered":"http:\/\/tisztaszappan.hu\/?page_id=348"},"modified":"2020-10-27T13:46:41","modified_gmt":"2020-10-27T12:46:41","slug":"kezmuves-ajanlo","status":"publish","type":"page","link":"https:\/\/tisztaszappan.hu\/?page_id=348","title":{"rendered":"SUG\u00c1R"},"content":{"rendered":"<h6>Sug\u00e1rv\u00e9delemmel kapcsolatos megjegyz\u00e9sek:<\/h6>\n<h6>Hel\u00f3, neked err\u0151l mi a v\u00e9lemnyed?<\/h6>\n<h6>Ha meg\u00edrod v\u00e1laszolok r\u00e1.<\/h6>\n<h6>Mindenkinek ismer\u0151s az OAH r\u00f6vid\u00edt\u00e9s?<\/h6>\n<h6>Nem?<\/h6>\n<h6>Pedig tudn\u00e1nk err\u0151l csevegni?<\/h6>\n<h6><\/h6>\n","protected":false},"excerpt":{"rendered":"<p>Sug\u00e1rv\u00e9delemmel kapcsolatos megjegyz\u00e9sek: Hel\u00f3, neked err\u0151l mi a v\u00e9lemnyed? Ha meg\u00edrod v\u00e1laszolok r\u00e1. Mindenkinek ismer\u0151s az OAH r\u00f6vid\u00edt\u00e9s? Nem? Pedig tudn\u00e1nk err\u0151l csevegni?<\/p>\n","protected":false},"author":1,"featured_media":0,"parent":0,"menu_order":0,"comment_status":"open","ping_status":"open","template":"","meta":[],"_links":{"self":[{"href":"https:\/\/tisztaszappan.hu\/index.php?rest_route=\/wp\/v2\/pages\/348"}],"collection":[{"href":"https:\/\/tisztaszappan.hu\/index.php?rest_route=\/wp\/v2\/pages"}],"about":[{"href":"https:\/\/tisztaszappan.hu\/index.php?rest_route=\/wp\/v2\/types\/page"}],"author":[{"embeddable":true,"href":"https:\/\/tisztaszappan.hu\/index.php?rest_route=\/wp\/v2\/users\/1"}],"replies":[{"embeddable":true,"href":"https:\/\/tisztaszappan.hu\/index.php?rest_route=%2Fwp%2Fv2%2Fcomments&post=348"}],"version-history":[{"count":22,"href":"https:\/\/tisztaszappan.hu\/index.php?rest_route=\/wp\/v2\/pages\/348\/revisions"}],"predecessor-version":[{"id":435,"href":"https:\/\/tisztaszappan.hu\/index.php?rest_route=\/wp\/v2\/pages\/348\/revisions\/435"}],"wp:attachment":[{"href":"https:\/\/tisztaszappan.hu\/index.php?rest_route=%2Fwp%2Fv2%2Fmedia&parent=348"}],"curies":[{"name":"wp","href":"https:\/\/api.w.org\/{rel}","templated":true}]}}