{"id":26,"date":"2012-07-30T22:57:02","date_gmt":"2012-07-30T20:57:02","guid":{"rendered":"http:\/\/tisztaszappan.hu\/?page_id=26"},"modified":"2012-11-25T20:29:13","modified_gmt":"2012-11-25T19:29:13","slug":"szappanok","status":"publish","type":"page","link":"https:\/\/tisztaszappan.hu\/?page_id=26","title":{"rendered":"Szappanok"},"content":{"rendered":"<p><strong>A legfontosabb az adott b\u0151rt\u00edpusnak megfelel\u0151 szappan haszn\u00e1lata.K\u00e9rem v\u00e1lassza ki az \u00d6n b\u0151rt\u00edpus\u00e1nak megfelel\u0151 szappant!<\/strong><\/p>\n<p><strong><em>\u00c9rz\u00e9keny b\u0151rre<\/em> els\u0151sorban a hipoallerg\u00e9n \u00e9s az ol\u00edvaolajos, tov\u00e1bb\u00e1 a gyermekeknek k\u00e9sz\u00fclt szappanokat aj\u00e1nljuk. Ezeket a szappanokat cs\u00f6kkentett n\u00f6v\u00e9nyi ill\u00f3olaj tartalommal k\u00e9sz\u00edtj\u00fck. Magas az ol\u00edva- \u00e9s a k\u00f3kuszolaj tartalma.<\/strong><\/p>\n<p><strong><em>Sz\u00e1raz b\u0151rre<\/em> els\u0151sorban a tejsav\u00f3s \u00e9s az ol\u00edvaolajos szappan aj\u00e1nljuk. A tejsav\u00f3s szappanunk optim\u00e1lis gy\u00f3gyn\u00f6v\u00e9ny kombin\u00e1ci\u00f3t a tejsav\u00f3 magas \u00e1sv\u00e1nyi anyag tartalm\u00e1val eg\u00e9sz\u00edti ki.<\/strong><\/p>\n<p><strong><em>Gyermekek sz\u00e1m\u00e1ra<\/em> kis m\u00e9ret\u0171 (50g) mesefigur\u00e1s szappanokat k\u00e9sz\u00edt\u00fcnk, cs\u00f6kkentett n\u00f6v\u00e9nyi hat\u00f3anyag-tartalommal. A gyermek szappanjaink csak levendula ill\u00f3olajat tartalmaznak. A levendula nyugtat\u00f3 hat\u00e1s\u00fa.<\/strong><\/p>\n<p><strong><em>Norm\u00e1l b\u0151rre<\/em>: \u00d6n az \u00f6sszes szappanunkat haszn\u00e1lhatja! Szeretn\u00e9nk \u00d6nnek a \u201eklasszikus levendula szappant\u201d aj\u00e1nlani. Uraknak a fah\u00e9jas vagy a rozmaringos szappant, vagy a citromos-m\u00e9hviaszos szappant, nagymam\u00e1knak a r\u00f3zsaszappant.<\/strong><\/p>\n<p><strong><em>Ig\u00e9nybe vett b\u0151rre<\/em> a citromos-m\u00e9hviaszos szappant \u00e9s az ol\u00edvaolajjal k\u00e9sz\u00fclt szappant aj\u00e1nljuk. Psoriasisra a holt-tengeri iszappal k\u00e9sz\u00fclt illatmentes v\u00e1ltozat\u00e1t javasoljuk.<\/strong><\/p>\n<p><strong><em>A friss\u00edt\u0151 b\u0151rrad\u00edroz\u00e1shoz<\/em> a fah\u00e9jas, rozmaringos \u00e9s a holt tengeri iszapos szappanunkat aj\u00e1nljuk.<\/strong><\/p>\n<p><strong>Egyedi megrendel\u00e9sre Borotva szappant k\u00e9sz\u00edt\u00fcnk limit\u00e1lt mennyis\u00e9gben.<\/strong><\/p>\n<p>\u00d6sszetev\u0151k (INCI szerint):<\/p>\n<p>Sodium Cocoate (elszappanos\u00edtott k\u00f3kuszolaj n\u00e1trium-s\u00f3ja)<\/p>\n<p>Sodium Palmate (elszappanos\u00edtott p\u00e1lmaolaj n\u00e1trium-s\u00f3ja)<\/p>\n<p>Sodium Oleate (elszappanos\u00edtott ol\u00edvaolaj n\u00e1trium-s\u00f3ja)<\/p>\n<p>Oela Europaea (olive) oil (ol\u00edvaolaj)<\/p>\n<p>Cocos nucifera (K\u00f3kuszolaj)<\/p>\n<p>Elaeis guineensis (palm) oil (p\u00e1lmaolaj)<\/p>\n<p>Glicerin (glicerin szappanosod\u00e1si folyamat egyik v\u00e9gterm\u00e9ke)<\/p>\n<p>Hat\u00f3anyagok, ill\u00f3olajok:<\/p>\n<p>Lavandula officinalis oil (levendulaolaj)<\/p>\n<p>Rosmarinus officinalis L.) (rozmaringolaj)<\/p>\n<p>Thymus vulgaris oil (kakukf\u0171olaj)<\/p>\n<p>Cinnamomum aromaticum oil (fah\u00e9jolaj)<\/p>\n<p>Coriandrum sativum.L.oil (koriander mag olaj)<\/p>\n<p>Achillea millefolium .L.oil (cickafrakolaj)<\/p>\n<p>Chamomilla recutita oil (k\u00e9k,orovosi,sz\u00e9kf\u0171- kamillaolaj)<\/p>\n<p>Anthemis nobilis.L.oil (r\u00f3mai kamillaolaj)<\/p>\n<p>Salvia officinalis oil (orvosi zs\u00e1lyaolaj)<\/p>\n<p>Mentha piperita.L.oil (borsmentaolaj)<\/p>\n<p>Eucalyptus globus L.oil (eukaliptuszolaj)<\/p>\n<p style=\"text-align: left;\">Citrus mandurensis oil (mandarinolaj)<\/p>\n<p style=\"text-align: left;\">Citrus limonum oil (citromolaj)<\/p>\n<p>Maris limus (Black Mud) (holt tengeri-iszap)<\/p>\n<p>Cera Alba (Beeswax white) (m\u00e9hviasz)<\/p>\n<p><strong>\u00a0<\/strong><\/p>\n<p>&nbsp;<\/p>\n","protected":false},"excerpt":{"rendered":"<p>A legfontosabb az adott b\u0151rt\u00edpusnak megfelel\u0151 szappan haszn\u00e1lata.K\u00e9rem v\u00e1lassza ki az \u00d6n b\u0151rt\u00edpus\u00e1nak megfelel\u0151 szappant! \u00c9rz\u00e9keny b\u0151rre els\u0151sorban a hipoallerg\u00e9n \u00e9s az ol\u00edvaolajos, tov\u00e1bb\u00e1 a gyermekeknek k\u00e9sz\u00fclt szappanokat aj\u00e1nljuk. Ezeket a szappanokat cs\u00f6kkentett n\u00f6v\u00e9nyi ill\u00f3olaj tartalommal k\u00e9sz\u00edtj\u00fck. Magas az ol\u00edva- &hellip; <a href=\"https:\/\/tisztaszappan.hu\/?page_id=26\">Egy kattint\u00e1s ide a folytat\u00e1shoz&#8230;. <span class=\"meta-nav\">&rarr;<\/span><\/a><\/p>\n","protected":false},"author":1,"featured_media":0,"parent":0,"menu_order":0,"comment_status":"closed","ping_status":"closed","template":"","meta":[],"_links":{"self":[{"href":"https:\/\/tisztaszappan.hu\/index.php?rest_route=\/wp\/v2\/pages\/26"}],"collection":[{"href":"https:\/\/tisztaszappan.hu\/index.php?rest_route=\/wp\/v2\/pages"}],"about":[{"href":"https:\/\/tisztaszappan.hu\/index.php?rest_route=\/wp\/v2\/types\/page"}],"author":[{"embeddable":true,"href":"https:\/\/tisztaszappan.hu\/index.php?rest_route=\/wp\/v2\/users\/1"}],"replies":[{"embeddable":true,"href":"https:\/\/tisztaszappan.hu\/index.php?rest_route=%2Fwp%2Fv2%2Fcomments&post=26"}],"version-history":[{"count":23,"href":"https:\/\/tisztaszappan.hu\/index.php?rest_route=\/wp\/v2\/pages\/26\/revisions"}],"predecessor-version":[{"id":29,"href":"https:\/\/tisztaszappan.hu\/index.php?rest_route=\/wp\/v2\/pages\/26\/revisions\/29"}],"wp:attachment":[{"href":"https:\/\/tisztaszappan.hu\/index.php?rest_route=%2Fwp%2Fv2%2Fmedia&parent=26"}],"curies":[{"name":"wp","href":"https:\/\/api.w.org\/{rel}","templated":true}]}}