{"id":13,"date":"2012-07-30T14:58:55","date_gmt":"2012-07-30T12:58:55","guid":{"rendered":"http:\/\/tisztaszappan.hu\/?page_id=13"},"modified":"2020-10-27T13:48:44","modified_gmt":"2020-10-27T12:48:44","slug":"kezdolap","status":"publish","type":"page","link":"https:\/\/tisztaszappan.hu\/","title":{"rendered":"Tisztaszappan"},"content":{"rendered":"<p>\u00c1ltal\u00e1nos inform\u00e1ci\u00f3k:<\/p>\n<div><em>National Geographic Online<\/em>-r\u00f3l: Liebig, a nagy n\u00e9met vegy\u00e9sz mondta: \u201eValamely n\u00e9p kult\u00far\u00e1j\u00e1nak legbiztosabb m\u00e9rt\u00e9ke a szappanfogyaszt\u00e1s nagys\u00e1ga.\u201d Hogy ez az adat mennyiben mutatja egy n\u00e9p kultur\u00e1lts\u00e1g\u00e1t, val\u00f3sz\u00edn\u0171 nem m\u00e9rvad\u00f3, de az biztos, hogy szappant m\u00e1r \u00e9vezredek \u00f3ta haszn\u00e1l az ember, b\u0151r\u00e9nek \u00e9s ruh\u00e1zat\u00e1nak tiszt\u00e1n tart\u00e1s\u00e1ra. B\u00e1r egy darabig a higi\u00e9nia hi\u00e1nya nem okozott gondot az embereknek, egy id\u0151 ut\u00e1n ism\u00e9t felmer\u00fclt; l\u00e1t\u00f3t\u00e9rbe ker\u00fclt a r\u00f3mai f\u00fcrd\u0151kult\u00fara \u00e9s a test\u00e1pol\u00e1s fontoss\u00e1ga. Babil\u00f3ni\u00e1ban \u00e9s Egyiptomban id\u0151sz\u00e1m\u00edt\u00e1sunk el\u0151tt j\u00f3val m\u00e1r k\u00e9sz\u00edtettek a szappanhoz hasonl\u00f3, \u00e1llati \u00e9s n\u00f6v\u00e9nyi zsirad\u00e9kb\u00f3l, alk\u00e1li s\u00f3k hozz\u00e1ad\u00e1s\u00e1val nyert, tiszt\u00e1lkod\u00f3szert. Az \u00f3kori g\u00f6r\u00f6g\u00f6k \u00e9s a r\u00f3maiak hamuval, agyaggal, homokkal \u00e9s habk\u0151vel \u00e1polt\u00e1k test\u00fcket.<\/div>\n<div>A szappan az egyik leg\u0151sibb mos\u00f3szer, melynek alapanyag\u00e1t els\u0151sorban \u00e1llati vagy n\u00f6v\u00e9nyi eredet\u0171 zsirad\u00e9kok k\u00e9pezik. A kozmetikai ipar gyakran haszn\u00e1l k\u00f3kuszzs\u00edrt, ol\u00edvaolajat, p\u00e1lmaolajat \u00e9s egy\u00e9b, a h\u00fasipari feldolgoz\u00e1s sor\u00e1n mell\u00e9kterm\u00e9kk\u00e9nt jelentkez\u0151 \u00e1llati zsirad\u00e9kokat a gy\u00e1rt\u00e1sa sor\u00e1n.<br \/>\nTulajdonk\u00e9ppen egy olyan fel\u00fcletakt\u00edv anyag, ami v\u00edzzel egy\u00fctt k\u00e9pes tiszt\u00edt\u00f3-, mos\u00f3hat\u00e1st kifejteni.<\/div>\n<div>K\u00e9miai oldalr\u00f3l megk\u00f6zel\u00edtve nagy sz\u00e9natomsz\u00e1m\u00fa zs\u00edrsavak n\u00e1trium- \u00e9s k\u00e1liums\u00f3i, amiket ha NaOH-val (n\u00e1trium-hidroxid, l\u00fagk\u0151) egy\u00fctt f\u0151znek, akkor glicerin \u00e9s a karbonsavak n\u00e1triums\u00f3ja keletkezik. A glicerin \u00e9s az eml\u00edtett s\u00f3 m\u00e9g \u00f6sszekevert \u00e1llapot\u00e1ban az oldatba konyhas\u00f3t adagolnak melynek hat\u00e1s\u00e1ra a szappan kiv\u00e1lik az oldatb\u00f3l. Nagyszer\u0171 tiszt\u00edt\u00f3hat\u00e1sa annak k\u00f6sz\u00f6nhet\u0151, hogy a molekul\u00e1k egyar\u00e1nt rendelkeznek hidrofil (vizet vonz mag\u00e1hoz) \u00e9s hidrof\u00f3b v\u00e9ggel (v\u00edztasz\u00edt\u00f3), amelyek k\u00f6z\u00fcl az egyik feloldja a szennyez\u0151d\u00e9seket, m\u00edg a m\u00e1sik felold\u00f3dik a v\u00edzben. A szappan a testek fel\u00fclet\u00e9re tapad\u00f3 zs\u00edrokra \u00e9s egy\u00e9b anyagokra emulg\u00e1l\u00f3 hat\u00e1st fejt ki, finom eloszl\u00e1sra k\u00e9nyszer\u00edti a szennyez\u0151 anyagokat, mi\u00e1ltal ezek v\u00edzzel k\u00f6nnyen ki\u00f6bl\u00edthet\u0151k \u00e9s elt\u00e1vol\u00edthat\u00f3k lesznek. Mos\u00e1s sor\u00e1n, a karbonsav-sz\u00e9nl\u00e1nc v\u00e9g\u00e9n tal\u00e1lhat\u00f3 n\u00e1trium a v\u00edzben j\u00f3l old\u00f3dik, a l\u00e1nc v\u00e9ge pedig a zs\u00edrokban, \u00edgy a ruh\u00e1n l\u00e9v\u0151 szennyez\u0151d\u00e9s a molekul\u00e1nak a karbonsav sz\u00e9nl\u00e1nc\u00fa v\u00e9ge tapad (old\u00f3dik benne), m\u00edg a n\u00e1trium v\u00edz ir\u00e1ny\u00e1ban helyezkedik el. Sok-sok ilyen molekula k\u00f6rbefogja a szennyez\u0151d\u00e9st, a n\u00e1triumv\u00e9gz\u0151d\u00e9sek pedig a v\u00edz ir\u00e1nyba rendez\u0151dve biztos\u00edtj\u00e1k, hogy az \u00edgy l\u00e9trej\u00f6tt nagymolekula a v\u00edzben mozoghasson, a fel\u00fcletr\u0151l elt\u00e1volodhasson. A habz\u00e1s a lev\u00e1lasztott r\u00e9szecsk\u00e9k mechanikai elt\u00e1vol\u00edt\u00e1s\u00e1ban t\u00f6lt be hasznos szerepet.<\/div>\n<div>A szappanok haszn\u00e1lata mellett azonban sokkal \u00e9rdekesebb dolog lehet a mos\u00f3di\u00f3 haszn\u00e1lat\u00e1nak elterjed\u00e9se, napjainkban. A di\u00f3 h\u00e9j\u00e1ban tal\u00e1lhat\u00f3 ragacsos anyag \u2013 a saponin \u2013 \u00fagy viselkedik, mint a szappan. Zs\u00edrold\u00f3 hat\u00e1s\u00e1nak k\u00f6sz\u00f6nhet\u0151en elt\u00e1vol\u00edtja a szennyez\u0151d\u00e9seket a text\u00edli\u00e1b\u00f3l, an\u00e9lk\u00fcl, hogy a sz\u00ednek vesz\u00edten\u00e9nek \u00e9l\u00e9nks\u00e9g\u00fckb\u0151l, vagy k\u00e1rt tenne az anyag szerkezet\u00e9ben. A mos\u00f3di\u00f3t, amely b\u0151rbar\u00e1t \u00e9s k\u00f6rnyezetk\u00edm\u00e9l\u0151 mos\u00f3szer, b\u00e1tran lehet aj\u00e1nlani allergi\u00e1s- vagy b\u0151rbetegs\u00e9gekben szenved\u0151knek, \u00e9rz\u00e9keny b\u0151r\u0171eknek. <em>(hivatkoz\u00e1s: Szabados Melinda,\u00a0 National Geographic Online)<\/em><\/div>\n<div><\/div>\n<div><strong>Technol\u00f3giai \u00e9s felhaszn\u00e1l\u00f3i inform\u00e1ci\u00f3k<\/strong><\/div>\n<div><strong>Szappanok technol\u00f3giai oszt\u00e1lyoz\u00e1sa:<\/strong><\/div>\n<div>\n<p>I. Szil\u00e1rd \u00e1llom\u00e1ny\u00fa szappanok<\/p>\n<p>-Sz\u00ednszappanok<\/p>\n<p>-Enyvszappanok<\/p>\n<p>-F\u00e9lsz\u00ednszappanok<\/p>\n<p>II.Szil\u00e1rd \u00e1llom\u00e1ny\u00fa n\u00e1tron-k\u00e1li-szappanok<\/p>\n<p>-Pipereszappanok<\/p>\n<p>-Glicerinszappanok<\/p>\n<p>-Borotvaszappanok<\/p>\n<p>III.Ken\u0151cs \u00e1llom\u00e1ny\u00fa k\u00e1li szappanok<\/p>\n<p>-Ken\u0151szappanok<\/p>\n<p>-Foly\u00e9kony szappanok<\/p>\n<p>IV.K\u00fcl\u00f6nb\u00f6z\u0151 c\u00e9lra haszn\u00e1lt szappanok<\/p>\n<p>-Homokszappanok<\/p>\n<p>-Fert\u0151tlen\u00edt\u0151 szappanok<\/p>\n<p>V. Magyar gy\u00f3gyszer k\u00f6nyvben hivatalosan le\u00edrt szappanok<\/p>\n<p>-Szil\u00e1rd \u00e1llom\u00e1ny\u00fa \u00a0 szappanok<\/p>\n<p>-Ken\u0151cs\u00e1llom\u00e1ny\u00fa \u00a0 szappanok<\/p>\n<p>-Szappanszeszek<\/p>\n<p>-F\u00e9lszappanok<\/p>\n<div>B\u0151vebben I.\u00e9s II.oszt\u00e1lyr\u00f3l:<\/div>\n<div>Sz\u00ednszappanok: azok a szil\u00e1rd \u00e1llom\u00e1ny\u00fa n\u00e1tronszappanok ,amelyek kis\u00f3z\u00e1ssal k\u00e9sz\u00fcltek.(mikor a elszappanos\u00edtott zsirad\u00e9kot s\u00f3z\u00e1ssal v\u00e1lasztjuk el a fen\u00e9k-l\u00fagt\u00f3l) A s\u00f3z\u00e1s miatt ezek a szappanok f\u00f6l\u00f6s l\u00fagot nem tartalmaznak, v\u00edz tartalmuk \u00e1tlagosan 22-24%,glicerin tartalmuk kev\u00e9s. Ezeket \u00e1ltal\u00e1ban tov\u00e1bb dolgozza a kozmetika ipar. Mivel nincs olaj t\u00f6bblet nem avasodik \u00e9s kem\u00e9ny \u00e1llom\u00e1ny\u00fa.(ez az bolti szappan)Igaz\u00e1b\u00f3l ez j\u00f3 min\u0151s\u00e9g\u0171 tiszta szappan.<\/div>\n<p>Enyvszappanok: Azok a szil\u00e1rd \u00e1llom\u00e1ny\u00fa n\u00e1tron szappanok amelyek kis\u00f3z\u00e1s n\u00e9lk\u00fcl \u00e1ll\u00edtanak el\u0151. Ezek alul l\u00fagozott szappanok melyek olaj illetve zs\u00edr t\u00f6bblettel rendelkeznek. Glicerin tartalma magasabb, v\u00edztartalma\u00a0 magasabb egy\u00e9nileg be\u00e1ll\u00edthat\u00f3. H\u00e1tr\u00e1nya ,hogy ha nem adagolnak hozz\u00e1 megfelel\u0151 vegyszereket avasodik,puh\u00e1bb (hamarabb sz\u00e9t\u00e1zik), de jobban \u00e1polja a b\u0151rt \u00e9s h\u00e1zilag k\u00f6nnyen elk\u00e9sz\u00edthet\u0151. Hobby m\u0171v\u00e9szek k\u00f6z\u00f6tt ez a technika a legn\u00e9pszer\u0171bb. Angli\u00e1ban \u00e9s az USA-ban nagy hagyom\u00e1nya van. N\u00e1lunk h\u00e1zi szappan f\u0151z\u00e9s az elm\u00falt 5 \u00e9vben kezdett divatba j\u00f6nni.<\/p>\n<div>F\u00e9lsz\u00edn szappanok:Ezek olyan szil\u00e1rd \u00e1llom\u00e1ny\u00fa kis\u00f3zott (r\u00e9szben) n\u00e1tron szappanok, amelyek nem az elszappanosod\u00e1s ut\u00e1n hanem k\u00f6zben alatt s\u00f3znak ki \u00edgy\u00a0 mindkett\u0151 szappan massz\u00e1b\u00f3l marad benne amely m\u00e1rv\u00e1nyosan keveredik. Ez \u00e1tmenet a kis\u00f3zott \u00e9s az alul l\u00fagozott enyvszappanok k\u00f6z\u00f6tt. Nagymam\u00e1k m\u00e9g tal\u00e1n eml\u00e9keznek r\u00e1 Eschw\u00e9gi szappannak h\u00edvt\u00e1k ezeket a szappanokat. Enne az el\u0151\u00e1ll\u00edt\u00e1s\u00e1hoz a legjobb min\u0151s\u00e9g\u0171 k\u00f3kusz \u00e9s p\u00e1lmazs\u00edr kellett , magas a v\u00edztartalma ez\u00e9rt j\u00f3 kitermel\u00e9ssel lehet el\u0151\u00e1ll\u00edtani. Mag\u00e1ban hordozza mind a sz\u00ednszappanok kem\u00e9ny struk\u00far\u00e1j\u00e1t \u00e9s az enyvszappanok \u00e1pol\u00f3 olaj t\u00f6bblet tulajdons\u00e1gait H\u00e1tr\u00e1ny hogy nagy tapasztalat kell hozz\u00e1 \u00e9s a dr\u00e1ga alapanyagok.<\/div>\n<div><\/div>\n<div>Pipere szappanok: Azok a sz\u00edn illetve enyv szappanok amelyek a legjobb min\u0151s\u00e9g\u0171 alapanyagb\u00f3l k\u00e9sz\u00fcltek,enyhe mos\u00f3hat\u00e1suk (b\u0151rsz\u00e1r\u00edt\u00e1s) alacsony v\u00edztartalom (nem \u00e1zik hamar sz\u00e9t) J\u00f3 min\u0151s\u00e9g\u0171 b\u0151r\u00e1pol\u00f3 olaj\/zs\u00edr t\u00f6bblet. Kr\u00e9mes habz\u00e1s\u00fa (k\u00f3kusz olaj megfelel\u0151 mennyis\u00e9ge az alapanyagok k\u00f6z\u00f6tt) ,magas ill\u00f3olaj illetve illat anyag tartalom.<\/div>\n<div><\/div>\n<div>Glicerin szappanok: tulajdonk\u00e9pp sz\u00edn szappan vagy 0% olaj t\u00f6bblettel rendelkez\u0151 enyvszappan van \u00e1toldva glicerin, cukor \u00e9s alkoholban.(ha megnyalj\u00e1tok a glicerin szappanokat \u00e9desek) technol\u00f3giai nev\u00fck transzparens szappanok. A Glicerin szappanokat tekinthetj\u00fck szil\u00e1rd oldatoknak. A l\u00e9nyeg hogy ezekhez is j\u00f3 min\u0151s\u00e9g\u0171 k\u00f3kusz olaj kell ,de a cukor \u00e9s az alkohol, glicerinel lehet t\u00f6meg t\u00f6bbletet el\u00e9rni. Nekem az a v\u00e9lem\u00e9nyem, hogy a benne l\u00e9v\u0151 alkohol az\u00e9rt sz\u00e1r\u00edtja a b\u0151rt tov\u00e1bb\u00e1 nincs meg az a olaj t\u00f6bblet benne ami pl. enyvszappann\u00e1l megvan. Kicsit csal\u00e1snak tartom mert sokan azt hiszik, mert \u00e1tl\u00e1tsz\u00f3 biztos jobb illetve tiszt\u00e1bb ,de az az igazs\u00e1g hogy iparilag ann\u00e1l t\u00f6bb vegyszer kel bele. Szerintem d\u00edsz\u00edt\u00e9sre kivall\u00f3, enyvszappannal kombin\u00e1lva j\u00f6n ki az igazi pozit\u00edvuma.Elk\u00e9sz\u00edteni neh\u00e9z \u00e9s f\u0151leg t\u0171zvesz\u00e9lyes az alkohol haszn\u00e1lat miatt.<\/div>\n<div>\n<div><\/div>\n<div><strong>Mi a jobb?<\/strong><\/div>\n<p>Alapvet\u0151en a szappan gy\u00e1rt\u00e1si technol\u00f3gia nem az a nagyon sok vegyszert \u00e9s adal\u00e9kot haszn\u00e1l\u00f3 ipar \u00e1g.T\u00e9ny, hogy bolti szappanok legt\u00f6bbje sz\u00ednszappan \u00e9s az \u00e9rz\u00e9keny b\u0151rt sz\u00e1r\u00edtj\u00e1k. Az el\u0151nye az hogy ezek ellen\u0151rz\u00f6tt term\u00e9kek biztos hogy nem lesz benne l\u00fag z\u00e1rv\u00e1ny, \u00e9s nem marja ki a szemed. De ha \u00e9rz\u00e9keny vagy valamelyik illat vagy avasod\u00e1s g\u00e1tl\u00f3 anyagra el\u0151hozhatja az ekc\u00e9m\u00e1dat. Ha beteszed a szekr\u00e9nybe nem avasodik meg \u00e9s b\u00fcd\u00f6s\u00edt be mindent. Ha meleg van nem kezd el bel\u0151le izzadni az olaj. \u00c9s k\u00e9z mos\u00e1s ut\u00e1n nem marad az annyi szappan leped\u00e9k a mosd\u00f3 sz\u00e9l\u00e9n.<\/p>\n<div>H\u00e1zi vagy &#8222;bio&#8221; szappanok<\/div>\n<div>Maradjuk annyiban hogy ezek nem \u201ebio\u201d szappanok. A \u201ebio\u201d krit\u00e9riumnak sok mindenben meg kell felelni. Nyilv\u00e1n, ha az illet\u0151 szappan k\u00e9sz\u00edt\u0151 t\u00e9nylegesen megveszi azokat a \u201ebio\u201d alapanyagokat amik ehhez kellenek a k\u00e9sz szappan \u00e1ra eladhatatlann\u00e1 teszi a term\u00e9ket. El\u0151ny\u00fck, hogy jobban \u00e1polj\u00e1k a b\u0151rt, egyre jobban b\u0151v\u00fcl\u0151 k\u00edn\u00e1latb\u00f3l ki lehet v\u00e1lasztani a b\u0151rnek legmegfelel\u0151bb szappant. T\u00e9nyleg nincs benne a l\u00fagon k\u00edv\u00fcl m\u00e1s vegyszer.(ehhez hozz\u00e1 tenn\u00e9m, hogy szerintem az EDTA annak min\u0151s\u00fcl \u00e9s a legt\u00f6bb fesztiv\u00e1lon \u00e1rult \u201ebio\u201d szappanban esetenk\u00e9nt el\u0151fordul ez\u00e9rt ha lehets\u00e9ges mindig k\u00e9rj\u00e9k el a term\u00e9k inform\u00e1ci\u00f3s lapj\u00e1t \u00e9s \u00f6sszet\u00e9tel\u00e9t, a legjobb, ha O\u00c9TI sz\u00e1mmal rendelkez\u0151 term\u00e9ket v\u00e1s\u00e1rolnak) \u00d3hajoknak megfelel\u0151en t\u00f6bblet gy\u00f3gyn\u00f6v\u00e9ny illetve hat\u00f3anyag tehet\u0151 a szappan massz\u00e1ba, amit hivatalosan a kozmetikai t\u00f6rv\u00e9ny nem enged\u00e9lyez az allergi\u00e1s reakci\u00f3k miatt. De eml\u00edts\u00fck meg a h\u00e1tr\u00e1nyokat. Ezek a szappanok t\u00f6bbs\u00e9ge nem ellen\u0151rz\u00f6tt k\u00f6r\u00fclm\u00e9nyek k\u00f6z\u00f6tt k\u00e9sz\u00fcl. (b\u00e1r a vas\u00e1rnapi eb\u00e9dbe nem szoktunk bele halni,de az\u00e9rt gondoljuk v\u00e9gig hogy m\u00e1s konyh\u00e1j\u00e1ban k\u00e9sz\u00fclt, esetleg egy nem bevizsg\u00e1lt k\u00fatv\u00edzb\u0151l, szakk\u00e9pes\u00edt\u00e9s n\u00e9lk\u00fcli szem\u00e9ly \u00e1ltal aki a legjobb tud\u00e1sa szerint pr\u00f3b\u00e1lja elk\u00e9sz\u00edteni a term\u00e9ket, de k\u00e9pzetts\u00e9g hi\u00e1ny\u00e1ban olyan hib\u00e1kat k\u00f6vet el amiket nem is vesz \u00e9szre pl: l\u00fagz\u00e1rv\u00e1ny, avasod\u00e1s, rossz pH, t\u00falzott sz\u00ednez\u00e9k, stb.) Felsorolt \u00e9rvek \u00e9s ellen\u00e9rvek mellet neh\u00e9z a v\u00e1s\u00e1rl\u00f3nak d\u00f6nteni.<\/div>\n<\/div>\n<\/div>\n<p>Rem\u00e9lem \u00e1ltalunk felsorolt inform\u00e1ci\u00f3k seg\u00edtenek eligazodni a szappanok vil\u00e1g\u00e1ban. K\u00f6sz\u00f6nj\u00fck,\u00a0 hogy megl\u00e1togatta weboldalunkat.<\/p>\n","protected":false},"excerpt":{"rendered":"<p>\u00c1ltal\u00e1nos inform\u00e1ci\u00f3k: National Geographic Online-r\u00f3l: Liebig, a nagy n\u00e9met vegy\u00e9sz mondta: \u201eValamely n\u00e9p kult\u00far\u00e1j\u00e1nak legbiztosabb m\u00e9rt\u00e9ke a szappanfogyaszt\u00e1s nagys\u00e1ga.\u201d Hogy ez az adat mennyiben mutatja egy n\u00e9p kultur\u00e1lts\u00e1g\u00e1t, val\u00f3sz\u00edn\u0171 nem m\u00e9rvad\u00f3, de az biztos, hogy szappant m\u00e1r \u00e9vezredek \u00f3ta haszn\u00e1l &hellip; <a href=\"https:\/\/tisztaszappan.hu\/\">Egy kattint\u00e1s ide a folytat\u00e1shoz&#8230;. <span class=\"meta-nav\">&rarr;<\/span><\/a><\/p>\n","protected":false},"author":1,"featured_media":0,"parent":0,"menu_order":0,"comment_status":"closed","ping_status":"closed","template":"","meta":[],"_links":{"self":[{"href":"https:\/\/tisztaszappan.hu\/index.php?rest_route=\/wp\/v2\/pages\/13"}],"collection":[{"href":"https:\/\/tisztaszappan.hu\/index.php?rest_route=\/wp\/v2\/pages"}],"about":[{"href":"https:\/\/tisztaszappan.hu\/index.php?rest_route=\/wp\/v2\/types\/page"}],"author":[{"embeddable":true,"href":"https:\/\/tisztaszappan.hu\/index.php?rest_route=\/wp\/v2\/users\/1"}],"replies":[{"embeddable":true,"href":"https:\/\/tisztaszappan.hu\/index.php?rest_route=%2Fwp%2Fv2%2Fcomments&post=13"}],"version-history":[{"count":23,"href":"https:\/\/tisztaszappan.hu\/index.php?rest_route=\/wp\/v2\/pages\/13\/revisions"}],"predecessor-version":[{"id":437,"href":"https:\/\/tisztaszappan.hu\/index.php?rest_route=\/wp\/v2\/pages\/13\/revisions\/437"}],"wp:attachment":[{"href":"https:\/\/tisztaszappan.hu\/index.php?rest_route=%2Fwp%2Fv2%2Fmedia&parent=13"}],"curies":[{"name":"wp","href":"https:\/\/api.w.org\/{rel}","templated":true}]}}